{"id":62,"date":"2026-03-18T11:57:04","date_gmt":"2026-03-18T11:57:04","guid":{"rendered":"https:\/\/globaleco.pt\/en\/index.php\/fazemos-a-diferenca\/"},"modified":"2026-04-28T14:20:40","modified_gmt":"2026-04-28T14:20:40","slug":"making-a-difference","status":"publish","type":"page","link":"https:\/\/globaleco.pt\/en\/making-a-difference\/","title":{"rendered":"Making a Difference"},"content":{"rendered":"\t\t<div data-elementor-type=\"wp-page\" data-elementor-id=\"62\" class=\"elementor elementor-62\" data-elementor-post-type=\"page\">\n\t\t\t\t<div class=\"elementor-element elementor-element-1564c14c e-flex e-con-boxed e-con e-parent\" data-id=\"1564c14c\" data-element_type=\"container\" data-e-type=\"container\">\n\t\t\t\t\t<div class=\"e-con-inner\">\n\t\t<div class=\"elementor-element elementor-element-659138f e-con-full e-flex e-con e-child\" data-id=\"659138f\" data-element_type=\"container\" data-e-type=\"container\">\n\t\t<div class=\"elementor-element elementor-element-542af3fa e-con-full e-flex e-con e-child\" data-id=\"542af3fa\" data-element_type=\"container\" data-e-type=\"container\">\n\t\t\t\t<div class=\"elementor-element elementor-element-1063e0d elementor-widget elementor-widget-heading\" data-id=\"1063e0d\" data-element_type=\"widget\" data-e-type=\"widget\" data-widget_type=\"heading.default\">\n\t\t\t\t\t<h2 class=\"elementor-heading-title elementor-size-default\">#makingadifference<\/h2>\t\t\t\t<\/div>\n\t\t\t\t<div class=\"elementor-element elementor-element-e31c879 elementor-widget elementor-widget-heading\" data-id=\"e31c879\" data-element_type=\"widget\" data-e-type=\"widget\" data-widget_type=\"heading.default\">\n\t\t\t\t\t<h2 class=\"elementor-heading-title elementor-size-default\">Discover our actions <br>\nand our commitments<\/h2>\t\t\t\t<\/div>\n\t\t\t\t<\/div>\n\t\t\t\t<\/div>\n\t\t\t\t\t<\/div>\n\t\t\t\t<\/div>\n\t\t<div class=\"elementor-element elementor-element-1f314f33 e-con-full e-flex e-con e-parent\" data-id=\"1f314f33\" data-element_type=\"container\" data-e-type=\"container\">\n\t\t<div class=\"elementor-element elementor-element-4caffc79 e-con-full e-flex e-con e-child\" data-id=\"4caffc79\" data-element_type=\"container\" data-e-type=\"container\">\n\t\t\t\t<div class=\"elementor-element elementor-element-e5271a3 elementor-widget elementor-widget-heading\" data-id=\"e5271a3\" data-element_type=\"widget\" data-e-type=\"widget\" data-widget_type=\"heading.default\">\n\t\t\t\t\t<h2 class=\"elementor-heading-title elementor-size-default\">Tailor-made Training<\/h2>\t\t\t\t<\/div>\n\t\t\t\t<div class=\"elementor-element elementor-element-33b69cfe elementor-widget__width-initial elementor-widget elementor-widget-text-editor\" data-id=\"33b69cfe\" data-element_type=\"widget\" data-e-type=\"widget\" data-widget_type=\"text-editor.default\">\n\t\t\t\t\t\t\t\t\t<p>Empowering teams is essential to integrating sustainability into corporate strategy and operations. Global Eco develops tailor-made training programs adapted to each organization&#8217;s needs, providing practical and actionable knowledge in the areas of sustainability, ESG, and environmental certifications.<\/p>\t\t\t\t\t\t\t\t<\/div>\n\t\t\t\t<\/div>\n\t\t<div class=\"elementor-element elementor-element-29166c20 e-con-full e-flex e-con e-child\" data-id=\"29166c20\" data-element_type=\"container\" data-e-type=\"container\">\n\t\t\t\t<div class=\"elementor-element elementor-element-4eb96118 elementor-widget elementor-widget-text-editor\" data-id=\"4eb96118\" data-element_type=\"widget\" data-e-type=\"widget\" data-widget_type=\"text-editor.default\">\n\t\t\t\t\t\t\t\t\t<p>Our programs include:<\/p>\t\t\t\t\t\t\t\t<\/div>\n\t\t\t\t<div class=\"elementor-element elementor-element-117ed870 elementor-widget__width-initial elementor-widget elementor-widget-text-editor\" data-id=\"117ed870\" data-element_type=\"widget\" data-e-type=\"widget\" data-widget_type=\"text-editor.default\">\n\t\t\t\t\t\t\t\t\t<p data-path-to-node=\"2,0,0\"><b data-path-to-node=\"2,0,0\" data-index-in-node=\"0\">Sustainability and ESG for Business:<\/b> Key concepts, trends, and the implementation of effective strategies.<\/p><p data-path-to-node=\"2,1,0\"><b data-path-to-node=\"2,1,0\" data-index-in-node=\"0\">ESG Regulation and Reporting:<\/b> Specialized training on <b data-path-to-node=\"2,1,0\" data-index-in-node=\"54\">EFRAG, CSRD, EU Taxonomy, and SFDR<\/b>, ensuring compliance and best practices.<\/p><p data-path-to-node=\"2,2,0\"><b data-path-to-node=\"2,2,0\" data-index-in-node=\"0\">Environmental Certifications and Best Practices:<\/b> Training for technical teams on <b data-path-to-node=\"2,2,0\" data-index-in-node=\"81\">BREEAM, LEED, WELL, ISO 14001,<\/b> and the <b data-path-to-node=\"2,2,0\" data-index-in-node=\"120\">EU Ecolabel<\/b>.<\/p><p data-path-to-node=\"2,3,0\"><b data-path-to-node=\"2,3,0\" data-index-in-node=\"0\">Environmental Management and Resource Efficiency:<\/b> Strategies for decarbonization, the circular economy, and energy efficiency.<\/p>\t\t\t\t\t\t\t\t<\/div>\n\t\t\t\t<div class=\"elementor-element elementor-element-3077abe7 elementor-widget__width-initial elementor-widget elementor-widget-text-editor\" data-id=\"3077abe7\" data-element_type=\"widget\" data-e-type=\"widget\" data-widget_type=\"text-editor.default\">\n\t\t\t\t\t\t\t\t\t<p>We provide in-person, online, or hybrid training, always with a practical focus aligned with industry challenges.<\/p>\t\t\t\t\t\t\t\t<\/div>\n\t\t\t\t<div class=\"elementor-element elementor-element-4717da7b elementor-align-left elementor-widget elementor-widget-button\" data-id=\"4717da7b\" data-element_type=\"widget\" data-e-type=\"widget\" data-widget_type=\"button.default\">\n\t\t\t\t\t\t\t\t\t\t<a class=\"elementor-button elementor-button-link elementor-size-sm\" href=\"mailto:ola@globaleco.pt?subject=Pedido%20de%20Proposta\">\n\t\t\t\t\t\t<span class=\"elementor-button-content-wrapper\">\n\t\t\t\t\t\t\t\t\t<span class=\"elementor-button-text\">Request a Proposal<\/span>\n\t\t\t\t\t<\/span>\n\t\t\t\t\t<\/a>\n\t\t\t\t\t\t\t\t<\/div>\n\t\t\t\t<\/div>\n\t\t\t\t<\/div>\n\t\t<div class=\"elementor-element elementor-element-67070f51 e-flex e-con-boxed e-con e-parent\" data-id=\"67070f51\" data-element_type=\"container\" data-e-type=\"container\" data-settings=\"{&quot;background_background&quot;:&quot;classic&quot;}\">\n\t\t\t\t\t<div class=\"e-con-inner\">\n\t\t\t\t\t<\/div>\n\t\t\t\t<\/div>\n\t\t<div class=\"elementor-element elementor-element-323cc463 e-con-full e-flex e-con e-parent\" data-id=\"323cc463\" data-element_type=\"container\" data-e-type=\"container\">\n\t\t<div class=\"elementor-element elementor-element-393c4935 e-con-full e-flex e-con e-child\" data-id=\"393c4935\" data-element_type=\"container\" data-e-type=\"container\">\n\t\t\t\t<div class=\"elementor-element elementor-element-76ccc887 elementor-widget elementor-widget-heading\" data-id=\"76ccc887\" data-element_type=\"widget\" data-e-type=\"widget\" data-widget_type=\"heading.default\">\n\t\t\t\t\t<h2 class=\"elementor-heading-title elementor-size-default\">GLOBAL TEEN AMBASSADORS \u2013 Youth for a Sustainable Future<\/h2>\t\t\t\t<\/div>\n\t\t\t\t<div class=\"elementor-element elementor-element-70d5dfae elementor-widget elementor-widget-text-editor\" data-id=\"70d5dfae\" data-element_type=\"widget\" data-e-type=\"widget\" data-widget_type=\"text-editor.default\">\n\t\t\t\t\t\t\t\t\t<p>What are Global Teen Ambassadors?<\/p>\t\t\t\t\t\t\t\t<\/div>\n\t\t\t\t<div class=\"elementor-element elementor-element-3563baee elementor-widget__width-initial elementor-widget elementor-widget-text-editor\" data-id=\"3563baee\" data-element_type=\"widget\" data-e-type=\"widget\" data-widget_type=\"text-editor.default\">\n\t\t\t\t\t\t\t\t\t<p data-path-to-node=\"3,0\"><b data-path-to-node=\"3,0\" data-index-in-node=\"0\">Global Teen Ambassadors<\/b> are teenagers passionate about sustainability and committed to making a difference in the world. As part of this program, you will have the opportunity to develop ideas, lead projects, participate in environmental challenges, and inspire others to adopt sustainable practices.<\/p><p data-path-to-node=\"3,1\">If you want to be an environmental leader and join a community of young people dedicated to the future of our planet, <b data-path-to-node=\"3,1\" data-index-in-node=\"118\">this is the place for you!<\/b><\/p>\t\t\t\t\t\t\t\t<\/div>\n\t\t\t\t<\/div>\n\t\t<div class=\"elementor-element elementor-element-237cbc64 e-con-full e-flex e-con e-child\" data-id=\"237cbc64\" data-element_type=\"container\" data-e-type=\"container\">\n\t\t\t\t<div class=\"elementor-element elementor-element-66ae48f3 elementor-widget elementor-widget-text-editor\" data-id=\"66ae48f3\" data-element_type=\"widget\" data-e-type=\"widget\" data-widget_type=\"text-editor.default\">\n\t\t\t\t\t\t\t\t\t<p>How to become a Global Teen Ambassador?<\/p>\t\t\t\t\t\t\t\t<\/div>\n\t\t\t\t<div class=\"elementor-element elementor-element-30f9614c elementor-widget__width-initial elementor-widget elementor-widget-text-editor\" data-id=\"30f9614c\" data-element_type=\"widget\" data-e-type=\"widget\" data-widget_type=\"text-editor.default\">\n\t\t\t\t\t\t\t\t\t<p><b data-path-to-node=\"3,0\" data-index-in-node=\"0\">\ud83d\udca1 Bring your ideas!<\/b><\/p><p>Do you have a sustainable project in mind? We want to hear from you!<\/p>\t\t\t\t\t\t\t\t<\/div>\n\t\t\t\t<div class=\"elementor-element elementor-element-30a9d879 elementor-icon-list--layout-traditional elementor-list-item-link-full_width elementor-widget elementor-widget-icon-list\" data-id=\"30a9d879\" data-element_type=\"widget\" data-e-type=\"widget\" data-widget_type=\"icon-list.default\">\n\t\t\t\t\t\t\t<ul class=\"elementor-icon-list-items\">\n\t\t\t\t\t\t\t<li class=\"elementor-icon-list-item\">\n\t\t\t\t\t\t\t\t\t\t\t<span class=\"elementor-icon-list-icon\">\n\t\t\t\t\t\t\t<svg aria-hidden=\"true\" class=\"e-font-icon-svg e-fas-check\" viewBox=\"0 0 512 512\" xmlns=\"http:\/\/www.w3.org\/2000\/svg\"><path d=\"M173.898 439.404l-166.4-166.4c-9.997-9.997-9.997-26.206 0-36.204l36.203-36.204c9.997-9.998 26.207-9.998 36.204 0L192 312.69 432.095 72.596c9.997-9.997 26.207-9.997 36.204 0l36.203 36.204c9.997 9.997 9.997 26.206 0 36.204l-294.4 294.401c-9.998 9.997-26.207 9.997-36.204-.001z\"><\/path><\/svg>\t\t\t\t\t\t<\/span>\n\t\t\t\t\t\t\t\t\t\t<span class=\"elementor-icon-list-text\">Present your idea to improve your school, community, or city.<\/span>\n\t\t\t\t\t\t\t\t\t<\/li>\n\t\t\t\t\t\t\t\t<li class=\"elementor-icon-list-item\">\n\t\t\t\t\t\t\t\t\t\t\t<span class=\"elementor-icon-list-icon\">\n\t\t\t\t\t\t\t<svg aria-hidden=\"true\" class=\"e-font-icon-svg e-fas-check\" viewBox=\"0 0 512 512\" xmlns=\"http:\/\/www.w3.org\/2000\/svg\"><path d=\"M173.898 439.404l-166.4-166.4c-9.997-9.997-9.997-26.206 0-36.204l36.203-36.204c9.997-9.998 26.207-9.998 36.204 0L192 312.69 432.095 72.596c9.997-9.997 26.207-9.997 36.204 0l36.203 36.204c9.997 9.997 9.997 26.206 0 36.204l-294.4 294.401c-9.998 9.997-26.207 9.997-36.204-.001z\"><\/path><\/svg>\t\t\t\t\t\t<\/span>\n\t\t\t\t\t\t\t\t\t\t<span class=\"elementor-icon-list-text\">Receive mentorship from Global Eco to develop your project.<\/span>\n\t\t\t\t\t\t\t\t\t<\/li>\n\t\t\t\t\t\t\t\t<li class=\"elementor-icon-list-item\">\n\t\t\t\t\t\t\t\t\t\t\t<span class=\"elementor-icon-list-icon\">\n\t\t\t\t\t\t\t<svg aria-hidden=\"true\" class=\"e-font-icon-svg e-fas-check\" viewBox=\"0 0 512 512\" xmlns=\"http:\/\/www.w3.org\/2000\/svg\"><path d=\"M173.898 439.404l-166.4-166.4c-9.997-9.997-9.997-26.206 0-36.204l36.203-36.204c9.997-9.998 26.207-9.998 36.204 0L192 312.69 432.095 72.596c9.997-9.997 26.207-9.997 36.204 0l36.203 36.204c9.997 9.997 9.997 26.206 0 36.204l-294.4 294.401c-9.998 9.997-26.207 9.997-36.204-.001z\"><\/path><\/svg>\t\t\t\t\t\t<\/span>\n\t\t\t\t\t\t\t\t\t\t<span class=\"elementor-icon-list-text\">Connect with companies and organizations that can support you.<\/span>\n\t\t\t\t\t\t\t\t\t<\/li>\n\t\t\t\t\t\t<\/ul>\n\t\t\t\t\t\t<\/div>\n\t\t\t\t<div class=\"elementor-element elementor-element-551ca59c elementor-align-left elementor-widget elementor-widget-button\" data-id=\"551ca59c\" data-element_type=\"widget\" data-e-type=\"widget\" data-widget_type=\"button.default\">\n\t\t\t\t\t\t\t\t\t\t<a class=\"elementor-button elementor-button-link elementor-size-sm\" href=\"mailto:ola@globaleco.pt?subject=Submiss\u00e3o%20de%20Ideia\">\n\t\t\t\t\t\t<span class=\"elementor-button-content-wrapper\">\n\t\t\t\t\t\t\t\t\t<span class=\"elementor-button-text\">Submit Your Idea<\/span>\n\t\t\t\t\t<\/span>\n\t\t\t\t\t<\/a>\n\t\t\t\t\t\t\t\t<\/div>\n\t\t\t\t<\/div>\n\t\t\t\t<\/div>\n\t\t<div class=\"elementor-element elementor-element-537e3ece e-con-full e-flex e-con e-parent\" data-id=\"537e3ece\" data-element_type=\"container\" data-e-type=\"container\">\n\t\t<div class=\"elementor-element elementor-element-3a2cb95c e-con-full e-flex e-con e-child\" data-id=\"3a2cb95c\" data-element_type=\"container\" data-e-type=\"container\" data-settings=\"{&quot;background_background&quot;:&quot;classic&quot;}\">\n\t\t\t\t<\/div>\n\t\t<div class=\"elementor-element elementor-element-3e7a7c58 e-con-full e-flex e-con e-child\" data-id=\"3e7a7c58\" data-element_type=\"container\" data-e-type=\"container\">\n\t\t\t\t<div class=\"elementor-element elementor-element-1ecd0a15 elementor-widget elementor-widget-heading\" data-id=\"1ecd0a15\" data-element_type=\"widget\" data-e-type=\"widget\" data-widget_type=\"heading.default\">\n\t\t\t\t\t<h2 class=\"elementor-heading-title elementor-size-default\">VOLUNTEERING<\/h2>\t\t\t\t<\/div>\n\t\t\t\t<div class=\"elementor-element elementor-element-200a0d4d elementor-widget elementor-widget-text-editor\" data-id=\"200a0d4d\" data-element_type=\"widget\" data-e-type=\"widget\" data-widget_type=\"text-editor.default\">\n\t\t\t\t\t\t\t\t\t<p>Find out how you can get actively involved in environmental and educational actions, such as:<\/p>\t\t\t\t\t\t\t\t<\/div>\n\t\t\t\t<div class=\"elementor-element elementor-element-46e98bb6 elementor-widget elementor-widget-text-editor\" data-id=\"46e98bb6\" data-element_type=\"widget\" data-e-type=\"widget\" data-widget_type=\"text-editor.default\">\n\t\t\t\t\t\t\t\t\t<p data-path-to-node=\"2,0,0\"><b data-path-to-node=\"2,0,0\" data-index-in-node=\"0\">Organizing sustainability workshops:<\/b> (Organiza\u00e7\u00e3o de workshops sobre sustentabilidade.)<\/p><p data-path-to-node=\"2,1,0\"><b data-path-to-node=\"2,1,0\" data-index-in-node=\"0\">Participating in reforestation, beach, and city cleanup initiatives:<\/b> (Participa\u00e7\u00e3o em a\u00e7\u00f5es de refloresta\u00e7\u00e3o, limpeza de praias e cidades.)<\/p><p data-path-to-node=\"2,2,0\"><b data-path-to-node=\"2,2,0\" data-index-in-node=\"0\">Creating ESG awareness campaigns:<\/b> (Cria\u00e7\u00e3o de campanhas de sensibiliza\u00e7\u00e3o sobre ESG.)<\/p>\t\t\t\t\t\t\t\t<\/div>\n\t\t\t\t<div class=\"elementor-element elementor-element-fdde891 elementor-align-left elementor-widget elementor-widget-button\" data-id=\"fdde891\" data-element_type=\"widget\" data-e-type=\"widget\" data-widget_type=\"button.default\">\n\t\t\t\t\t\t\t\t\t\t<a class=\"elementor-button elementor-button-link elementor-size-sm\" href=\"mailto:ola@globaleco.pt?subject=Inscri\u00e7\u00e3o%20como%20Volunt\u00e1rio\">\n\t\t\t\t\t\t<span class=\"elementor-button-content-wrapper\">\n\t\t\t\t\t\t\t\t\t<span class=\"elementor-button-text\">Sign Up as a Volunteer<\/span>\n\t\t\t\t\t<\/span>\n\t\t\t\t\t<\/a>\n\t\t\t\t\t\t\t\t<\/div>\n\t\t\t\t<\/div>\n\t\t\t\t<\/div>\n\t\t\t\t<\/div>\n\t\t","protected":false},"excerpt":{"rendered":"<p>#makingadifference Discover our actions and our commitments Tailor-made Training Empowering teams is essential to integrating sustainability into corporate strategy and operations. Global Eco develops tailor-made training programs adapted to each organization&#8217;s needs, providing practical and actionable knowledge in the areas of sustainability, ESG, and environmental certifications. Our programs include: Sustainability and ESG for Business: Key [&hellip;]<\/p>\n","protected":false},"author":1,"featured_media":0,"parent":0,"menu_order":0,"comment_status":"closed","ping_status":"closed","template":"elementor_header_footer","meta":{"footnotes":""},"class_list":["post-62","page","type-page","status-publish","hentry"],"yoast_head":"<!-- This site is optimized with the Yoast SEO plugin v27.5 - https:\/\/yoast.com\/product\/yoast-seo-wordpress\/ -->\n<title>Making a Difference - Globaleco - Sustainable Solutions<\/title>\n<meta name=\"robots\" content=\"index, follow, max-snippet:-1, max-image-preview:large, max-video-preview:-1\" \/>\n<link rel=\"canonical\" href=\"https:\/\/globaleco.pt\/en\/making-a-difference\/\" \/>\n<meta property=\"og:locale\" content=\"pt_PT\" \/>\n<meta property=\"og:type\" content=\"article\" \/>\n<meta property=\"og:title\" content=\"Making a Difference - Globaleco - Sustainable Solutions\" \/>\n<meta property=\"og:description\" content=\"#makingadifference Discover our actions and our commitments Tailor-made Training Empowering teams is essential to integrating sustainability into corporate strategy and operations. Global Eco develops tailor-made training programs adapted to each organization&#8217;s needs, providing practical and actionable knowledge in the areas of sustainability, ESG, and environmental certifications. Our programs include: Sustainability and ESG for Business: Key [&hellip;]\" \/>\n<meta property=\"og:url\" content=\"https:\/\/globaleco.pt\/en\/making-a-difference\/\" \/>\n<meta property=\"og:site_name\" content=\"Globaleco - Sustainable Solutions\" \/>\n<meta property=\"article:publisher\" content=\"https:\/\/www.facebook.com\/people\/Global-Eco-Sustainable-Solutions\/100067140428068\/\" \/>\n<meta property=\"article:modified_time\" content=\"2026-04-28T14:20:40+00:00\" \/>\n<meta name=\"twitter:card\" content=\"summary_large_image\" \/>\n<meta name=\"twitter:label1\" content=\"Tempo estimado de leitura\" \/>\n\t<meta name=\"twitter:data1\" content=\"3 minutos\" \/>\n<script type=\"application\/ld+json\" class=\"yoast-schema-graph\">{\"@context\":\"https:\\\/\\\/schema.org\",\"@graph\":[{\"@type\":\"WebPage\",\"@id\":\"https:\\\/\\\/globaleco.pt\\\/en\\\/making-a-difference\\\/\",\"url\":\"https:\\\/\\\/globaleco.pt\\\/en\\\/making-a-difference\\\/\",\"name\":\"Making a Difference - Globaleco - Sustainable Solutions\",\"isPartOf\":{\"@id\":\"https:\\\/\\\/globaleco.pt\\\/en\\\/#website\"},\"datePublished\":\"2026-03-18T11:57:04+00:00\",\"dateModified\":\"2026-04-28T14:20:40+00:00\",\"breadcrumb\":{\"@id\":\"https:\\\/\\\/globaleco.pt\\\/en\\\/making-a-difference\\\/#breadcrumb\"},\"inLanguage\":\"pt-PT\",\"potentialAction\":[{\"@type\":\"ReadAction\",\"target\":[\"https:\\\/\\\/globaleco.pt\\\/en\\\/making-a-difference\\\/\"]}]},{\"@type\":\"BreadcrumbList\",\"@id\":\"https:\\\/\\\/globaleco.pt\\\/en\\\/making-a-difference\\\/#breadcrumb\",\"itemListElement\":[{\"@type\":\"ListItem\",\"position\":1,\"name\":\"Home\",\"item\":\"https:\\\/\\\/globaleco.pt\\\/en\\\/\"},{\"@type\":\"ListItem\",\"position\":2,\"name\":\"Making a Difference\"}]},{\"@type\":\"WebSite\",\"@id\":\"https:\\\/\\\/globaleco.pt\\\/en\\\/#website\",\"url\":\"https:\\\/\\\/globaleco.pt\\\/en\\\/\",\"name\":\"Globaleco - Sustainable Solutions\",\"description\":\"\",\"publisher\":{\"@id\":\"https:\\\/\\\/globaleco.pt\\\/en\\\/#organization\"},\"potentialAction\":[{\"@type\":\"SearchAction\",\"target\":{\"@type\":\"EntryPoint\",\"urlTemplate\":\"https:\\\/\\\/globaleco.pt\\\/en\\\/?s={search_term_string}\"},\"query-input\":{\"@type\":\"PropertyValueSpecification\",\"valueRequired\":true,\"valueName\":\"search_term_string\"}}],\"inLanguage\":\"pt-PT\"},{\"@type\":\"Organization\",\"@id\":\"https:\\\/\\\/globaleco.pt\\\/en\\\/#organization\",\"name\":\"Globaleco - Sustainable Solutions\",\"url\":\"https:\\\/\\\/globaleco.pt\\\/en\\\/\",\"logo\":{\"@type\":\"ImageObject\",\"inLanguage\":\"pt-PT\",\"@id\":\"https:\\\/\\\/globaleco.pt\\\/en\\\/#\\\/schema\\\/logo\\\/image\\\/\",\"url\":\"https:\\\/\\\/globaleco.pt\\\/en\\\/wp-content\\\/uploads\\\/2026\\\/03\\\/Logotipo-Escuro.png\",\"contentUrl\":\"https:\\\/\\\/globaleco.pt\\\/en\\\/wp-content\\\/uploads\\\/2026\\\/03\\\/Logotipo-Escuro.png\",\"width\":1290,\"height\":485,\"caption\":\"Globaleco - Sustainable Solutions\"},\"image\":{\"@id\":\"https:\\\/\\\/globaleco.pt\\\/en\\\/#\\\/schema\\\/logo\\\/image\\\/\"},\"sameAs\":[\"https:\\\/\\\/www.facebook.com\\\/people\\\/Global-Eco-Sustainable-Solutions\\\/100067140428068\\\/\",\"https:\\\/\\\/www.instagram.com\\\/global_eco_sustainable\\\/\",\"https:\\\/\\\/www.linkedin.com\\\/company\\\/global-eco-sustainable-solutions\\\/\"]}]}<\/script>\n<!-- \/ Yoast SEO plugin. -->","yoast_head_json":{"title":"Making a Difference - Globaleco - Sustainable Solutions","robots":{"index":"index","follow":"follow","max-snippet":"max-snippet:-1","max-image-preview":"max-image-preview:large","max-video-preview":"max-video-preview:-1"},"canonical":"https:\/\/globaleco.pt\/en\/making-a-difference\/","og_locale":"pt_PT","og_type":"article","og_title":"Making a Difference - Globaleco - Sustainable Solutions","og_description":"#makingadifference Discover our actions and our commitments Tailor-made Training Empowering teams is essential to integrating sustainability into corporate strategy and operations. Global Eco develops tailor-made training programs adapted to each organization&#8217;s needs, providing practical and actionable knowledge in the areas of sustainability, ESG, and environmental certifications. Our programs include: Sustainability and ESG for Business: Key [&hellip;]","og_url":"https:\/\/globaleco.pt\/en\/making-a-difference\/","og_site_name":"Globaleco - Sustainable Solutions","article_publisher":"https:\/\/www.facebook.com\/people\/Global-Eco-Sustainable-Solutions\/100067140428068\/","article_modified_time":"2026-04-28T14:20:40+00:00","twitter_card":"summary_large_image","twitter_misc":{"Tempo estimado de leitura":"3 minutos"},"schema":{"@context":"https:\/\/schema.org","@graph":[{"@type":"WebPage","@id":"https:\/\/globaleco.pt\/en\/making-a-difference\/","url":"https:\/\/globaleco.pt\/en\/making-a-difference\/","name":"Making a Difference - Globaleco - Sustainable Solutions","isPartOf":{"@id":"https:\/\/globaleco.pt\/en\/#website"},"datePublished":"2026-03-18T11:57:04+00:00","dateModified":"2026-04-28T14:20:40+00:00","breadcrumb":{"@id":"https:\/\/globaleco.pt\/en\/making-a-difference\/#breadcrumb"},"inLanguage":"pt-PT","potentialAction":[{"@type":"ReadAction","target":["https:\/\/globaleco.pt\/en\/making-a-difference\/"]}]},{"@type":"BreadcrumbList","@id":"https:\/\/globaleco.pt\/en\/making-a-difference\/#breadcrumb","itemListElement":[{"@type":"ListItem","position":1,"name":"Home","item":"https:\/\/globaleco.pt\/en\/"},{"@type":"ListItem","position":2,"name":"Making a Difference"}]},{"@type":"WebSite","@id":"https:\/\/globaleco.pt\/en\/#website","url":"https:\/\/globaleco.pt\/en\/","name":"Globaleco - Sustainable Solutions","description":"","publisher":{"@id":"https:\/\/globaleco.pt\/en\/#organization"},"potentialAction":[{"@type":"SearchAction","target":{"@type":"EntryPoint","urlTemplate":"https:\/\/globaleco.pt\/en\/?s={search_term_string}"},"query-input":{"@type":"PropertyValueSpecification","valueRequired":true,"valueName":"search_term_string"}}],"inLanguage":"pt-PT"},{"@type":"Organization","@id":"https:\/\/globaleco.pt\/en\/#organization","name":"Globaleco - Sustainable Solutions","url":"https:\/\/globaleco.pt\/en\/","logo":{"@type":"ImageObject","inLanguage":"pt-PT","@id":"https:\/\/globaleco.pt\/en\/#\/schema\/logo\/image\/","url":"https:\/\/globaleco.pt\/en\/wp-content\/uploads\/2026\/03\/Logotipo-Escuro.png","contentUrl":"https:\/\/globaleco.pt\/en\/wp-content\/uploads\/2026\/03\/Logotipo-Escuro.png","width":1290,"height":485,"caption":"Globaleco - Sustainable Solutions"},"image":{"@id":"https:\/\/globaleco.pt\/en\/#\/schema\/logo\/image\/"},"sameAs":["https:\/\/www.facebook.com\/people\/Global-Eco-Sustainable-Solutions\/100067140428068\/","https:\/\/www.instagram.com\/global_eco_sustainable\/","https:\/\/www.linkedin.com\/company\/global-eco-sustainable-solutions\/"]}]}},"_links":{"self":[{"href":"https:\/\/globaleco.pt\/en\/wp-json\/wp\/v2\/pages\/62","targetHints":{"allow":["GET"]}}],"collection":[{"href":"https:\/\/globaleco.pt\/en\/wp-json\/wp\/v2\/pages"}],"about":[{"href":"https:\/\/globaleco.pt\/en\/wp-json\/wp\/v2\/types\/page"}],"author":[{"embeddable":true,"href":"https:\/\/globaleco.pt\/en\/wp-json\/wp\/v2\/users\/1"}],"replies":[{"embeddable":true,"href":"https:\/\/globaleco.pt\/en\/wp-json\/wp\/v2\/comments?post=62"}],"version-history":[{"count":14,"href":"https:\/\/globaleco.pt\/en\/wp-json\/wp\/v2\/pages\/62\/revisions"}],"predecessor-version":[{"id":274,"href":"https:\/\/globaleco.pt\/en\/wp-json\/wp\/v2\/pages\/62\/revisions\/274"}],"wp:attachment":[{"href":"https:\/\/globaleco.pt\/en\/wp-json\/wp\/v2\/media?parent=62"}],"curies":[{"name":"wp","href":"https:\/\/api.w.org\/{rel}","templated":true}]}}